{"id":2,"date":"2023-11-06T14:30:37","date_gmt":"2023-11-06T13:30:37","guid":{"rendered":"https:\/\/imagopr.pl\/ngage\/?page_id=2"},"modified":"2025-12-18T12:13:50","modified_gmt":"2025-12-18T11:13:50","slug":"strona-glowna","status":"publish","type":"page","link":"https:\/\/imagopr.pl\/ngage\/","title":{"rendered":"Strona g\u0142\u00f3wna"},"content":{"rendered":"<p>Przyk\u0142adowa strona. Strony s\u0105 inne ni\u017c wpisy na blogu, poniewa\u017c nie tylko znajduj\u0105 si\u0119 zawsze w jednym miejscu, ale tak\u017ce pojawiaj\u0105 si\u0119 w menu witryny (w wi\u0119kszo\u015bci motyw\u00f3w). Wi\u0119kszo\u015b\u0107 u\u017cytkownik\u00f3w zaczyna od strony z informacjami o sobie, kt\u00f3ra zapozna ich przed odwiedzaj\u0105cymi witryn\u0119. Taka strona mo\u017ce zawiera\u0107 na przyk\u0142ad tak\u0105 tre\u015b\u0107:<\/p><blockquote class=\"wp-block-quote\"><p>Cze\u015b\u0107! Za dnia jestem kurierem rowerowym, noc\u0105 pr\u00f3bujs\u0119 swoich si\u0142 w aktorstwie, a to jest moja witryna. Mieszkam w Krakowie, mam wspania\u0142ego psa kt\u00f3ry wabi si\u0119 Reks i lubi\u0119 pi\u00f1a colad\u0119 (oraz spacery, gdy pada deszcz).<\/p><\/blockquote><p>&#8230;albo co\u015b takiego:<\/p><blockquote class=\"wp-block-quote\"><p>Firma XYZ Doohickey zosta\u0142a za\u0142o\u017cona w 1971 roku i od tamtej pory dostarcza spo\u0142ecze\u0144stwu dobrej jako\u015bci gad\u017cety. Znajduj\u0105ca si\u0119 w Gotham City XYZ zatrudnia ponad 2000 os\u00f3b i robi niesamowite rzeczy dla spo\u0142eczno\u015bci Gotham.<\/p><\/blockquote><p>Jako nowy u\u017cytkownik WordPressa, powiniene\u015b przej\u015b\u0107 do <a href=\"https:\/\/imagopr.pl\/ngage\/wp-admin\/\">swojego kokpitu<\/a> aby usun\u0105\u0107 t\u0119 stron\u0119 i stworzy\u0107 nowe z w\u0142asn\u0105 tre\u015bci\u0105. Dobrej zabawy!<\/p>","protected":false},"excerpt":{"rendered":"","protected":false},"author":1,"featured_media":0,"parent":0,"menu_order":1,"comment_status":"closed","ping_status":"closed","template":"page-templates\/home.php","meta":{"footnotes":""},"acf":[],"yoast_head":"<!-- This site is optimized with the Yoast SEO plugin v21.8.1 - https:\/\/yoast.com\/wordpress\/plugins\/seo\/ -->\n<title>Strona g\u0142\u00f3wna - NGAGE<\/title>\n<meta name=\"robots\" content=\"noindex, follow, max-snippet:-1, max-image-preview:large, max-video-preview:-1\" \/>\n<meta property=\"og:locale\" content=\"pl_PL\" \/>\n<meta property=\"og:type\" content=\"article\" \/>\n<meta property=\"og:title\" content=\"Strona g\u0142\u00f3wna - NGAGE\" \/>\n<meta property=\"og:url\" content=\"https:\/\/imagopr.pl\/ngage\/\" \/>\n<meta property=\"og:site_name\" content=\"NGAGE\" \/>\n<meta property=\"article:modified_time\" content=\"2025-12-18T11:13:50+00:00\" \/>\n<meta name=\"twitter:card\" content=\"summary_large_image\" \/>\n<script type=\"application\/ld+json\" class=\"yoast-schema-graph\">{\"@context\":\"https:\/\/schema.org\",\"@graph\":[{\"@type\":\"WebPage\",\"@id\":\"https:\/\/imagopr.pl\/ngage\/\",\"url\":\"https:\/\/imagopr.pl\/ngage\/\",\"name\":\"Strona g\u0142\u00f3wna - NGAGE\",\"isPartOf\":{\"@id\":\"https:\/\/imagopr.pl\/ngage\/#website\"},\"datePublished\":\"2023-11-06T13:30:37+00:00\",\"dateModified\":\"2025-12-18T11:13:50+00:00\",\"breadcrumb\":{\"@id\":\"https:\/\/imagopr.pl\/ngage\/#breadcrumb\"},\"inLanguage\":\"pl-PL\",\"potentialAction\":[{\"@type\":\"ReadAction\",\"target\":[\"https:\/\/imagopr.pl\/ngage\/\"]}]},{\"@type\":\"BreadcrumbList\",\"@id\":\"https:\/\/imagopr.pl\/ngage\/#breadcrumb\",\"itemListElement\":[{\"@type\":\"ListItem\",\"position\":1,\"name\":\"Strona g\u0142\u00f3wna\",\"item\":\"https:\/\/imagopr.pl\/ngage\/\"},{\"@type\":\"ListItem\",\"position\":2,\"name\":\"Strona g\u0142\u00f3wna\"}]},{\"@type\":\"WebSite\",\"@id\":\"https:\/\/imagopr.pl\/ngage\/#website\",\"url\":\"https:\/\/imagopr.pl\/ngage\/\",\"name\":\"NGAGE\",\"description\":\"\",\"potentialAction\":[{\"@type\":\"SearchAction\",\"target\":{\"@type\":\"EntryPoint\",\"urlTemplate\":\"https:\/\/imagopr.pl\/ngage\/?s={search_term_string}\"},\"query-input\":\"required name=search_term_string\"}],\"inLanguage\":\"pl-PL\"}]}<\/script>\n<!-- \/ Yoast SEO plugin. -->","yoast_head_json":{"title":"Strona g\u0142\u00f3wna - NGAGE","robots":{"index":"noindex","follow":"follow","max-snippet":"max-snippet:-1","max-image-preview":"max-image-preview:large","max-video-preview":"max-video-preview:-1"},"og_locale":"pl_PL","og_type":"article","og_title":"Strona g\u0142\u00f3wna - NGAGE","og_url":"https:\/\/imagopr.pl\/ngage\/","og_site_name":"NGAGE","article_modified_time":"2025-12-18T11:13:50+00:00","twitter_card":"summary_large_image","schema":{"@context":"https:\/\/schema.org","@graph":[{"@type":"WebPage","@id":"https:\/\/imagopr.pl\/ngage\/","url":"https:\/\/imagopr.pl\/ngage\/","name":"Strona g\u0142\u00f3wna - NGAGE","isPartOf":{"@id":"https:\/\/imagopr.pl\/ngage\/#website"},"datePublished":"2023-11-06T13:30:37+00:00","dateModified":"2025-12-18T11:13:50+00:00","breadcrumb":{"@id":"https:\/\/imagopr.pl\/ngage\/#breadcrumb"},"inLanguage":"pl-PL","potentialAction":[{"@type":"ReadAction","target":["https:\/\/imagopr.pl\/ngage\/"]}]},{"@type":"BreadcrumbList","@id":"https:\/\/imagopr.pl\/ngage\/#breadcrumb","itemListElement":[{"@type":"ListItem","position":1,"name":"Strona g\u0142\u00f3wna","item":"https:\/\/imagopr.pl\/ngage\/"},{"@type":"ListItem","position":2,"name":"Strona g\u0142\u00f3wna"}]},{"@type":"WebSite","@id":"https:\/\/imagopr.pl\/ngage\/#website","url":"https:\/\/imagopr.pl\/ngage\/","name":"NGAGE","description":"","potentialAction":[{"@type":"SearchAction","target":{"@type":"EntryPoint","urlTemplate":"https:\/\/imagopr.pl\/ngage\/?s={search_term_string}"},"query-input":"required name=search_term_string"}],"inLanguage":"pl-PL"}]}},"_links":{"self":[{"href":"https:\/\/imagopr.pl\/ngage\/wp-json\/wp\/v2\/pages\/2"}],"collection":[{"href":"https:\/\/imagopr.pl\/ngage\/wp-json\/wp\/v2\/pages"}],"about":[{"href":"https:\/\/imagopr.pl\/ngage\/wp-json\/wp\/v2\/types\/page"}],"author":[{"embeddable":true,"href":"https:\/\/imagopr.pl\/ngage\/wp-json\/wp\/v2\/users\/1"}],"replies":[{"embeddable":true,"href":"https:\/\/imagopr.pl\/ngage\/wp-json\/wp\/v2\/comments?post=2"}],"version-history":[{"count":72,"href":"https:\/\/imagopr.pl\/ngage\/wp-json\/wp\/v2\/pages\/2\/revisions"}],"predecessor-version":[{"id":673,"href":"https:\/\/imagopr.pl\/ngage\/wp-json\/wp\/v2\/pages\/2\/revisions\/673"}],"wp:attachment":[{"href":"https:\/\/imagopr.pl\/ngage\/wp-json\/wp\/v2\/media?parent=2"}],"curies":[{"name":"wp","href":"https:\/\/api.w.org\/{rel}","templated":true}]}}